{"id":96,"date":"2022-01-05T09:44:39","date_gmt":"2022-01-05T08:44:39","guid":{"rendered":"https:\/\/wyciag-sekowa.pl\/?page_id=96"},"modified":"2025-12-30T09:55:23","modified_gmt":"2025-12-30T08:55:23","slug":"cennik","status":"publish","type":"page","link":"https:\/\/wyciag-sekowa.pl\/index.php\/cennik\/","title":{"rendered":"Cennik"},"content":{"rendered":"\t\t<div data-elementor-type=\"wp-page\" data-elementor-id=\"96\" class=\"elementor elementor-96\">\n\t\t\t\t\t\t<section class=\"elementor-section elementor-top-section elementor-element elementor-element-32cf8d7 elementor-section-boxed elementor-section-height-default elementor-section-height-default\" data-id=\"32cf8d7\" data-element_type=\"section\" data-e-type=\"section\">\n\t\t\t\t\t\t<div class=\"elementor-container elementor-column-gap-default\">\n\t\t\t\t\t<div class=\"elementor-column elementor-col-100 elementor-top-column elementor-element elementor-element-1a836b9\" data-id=\"1a836b9\" data-element_type=\"column\" data-e-type=\"column\">\n\t\t\t<div class=\"elementor-widget-wrap elementor-element-populated\">\n\t\t\t\t\t\t<div class=\"elementor-element elementor-element-5ebffee elementor-widget elementor-widget-image\" data-id=\"5ebffee\" data-element_type=\"widget\" data-e-type=\"widget\" data-widget_type=\"image.default\">\n\t\t\t\t<div class=\"elementor-widget-container\">\n\t\t\t\t\t\t\t\t\t\t\t\t\t\t\t<img fetchpriority=\"high\" decoding=\"async\" width=\"950\" height=\"380\" src=\"https:\/\/wyciag-sekowa.pl\/wp-content\/uploads\/2022\/01\/Revity-znaki-17-1024x410.jpg\" class=\"attachment-large size-large wp-image-151\" alt=\"\" srcset=\"https:\/\/wyciag-sekowa.pl\/wp-content\/uploads\/2022\/01\/Revity-znaki-17-1024x410.jpg 1024w, https:\/\/wyciag-sekowa.pl\/wp-content\/uploads\/2022\/01\/Revity-znaki-17-300x120.jpg 300w, https:\/\/wyciag-sekowa.pl\/wp-content\/uploads\/2022\/01\/Revity-znaki-17-768x307.jpg 768w, https:\/\/wyciag-sekowa.pl\/wp-content\/uploads\/2022\/01\/Revity-znaki-17-1536x614.jpg 1536w, https:\/\/wyciag-sekowa.pl\/wp-content\/uploads\/2022\/01\/Revity-znaki-17-2048x819.jpg 2048w, https:\/\/wyciag-sekowa.pl\/wp-content\/uploads\/2022\/01\/Revity-znaki-17-2000x800.jpg 2000w\" sizes=\"100vw\" \/>\t\t\t\t\t\t\t\t\t\t\t\t\t\t\t<\/div>\n\t\t\t\t<\/div>\n\t\t\t\t\t<\/div>\n\t\t<\/div>\n\t\t\t\t\t<\/div>\n\t\t<\/section>\n\t\t\t\t<section class=\"elementor-section elementor-top-section elementor-element elementor-element-a7e2988 elementor-section-boxed elementor-section-height-default elementor-section-height-default\" data-id=\"a7e2988\" data-element_type=\"section\" data-e-type=\"section\">\n\t\t\t\t\t\t<div class=\"elementor-container elementor-column-gap-default\">\n\t\t\t\t\t<div class=\"elementor-column elementor-col-100 elementor-top-column elementor-element elementor-element-6f5e89e\" data-id=\"6f5e89e\" data-element_type=\"column\" data-e-type=\"column\">\n\t\t\t<div class=\"elementor-widget-wrap elementor-element-populated\">\n\t\t\t\t\t\t<div class=\"elementor-element elementor-element-58157d6 elementor-widget-divider--view-line elementor-widget elementor-widget-divider\" data-id=\"58157d6\" data-element_type=\"widget\" data-e-type=\"widget\" data-widget_type=\"divider.default\">\n\t\t\t\t<div class=\"elementor-widget-container\">\n\t\t\t\t\t\t\t<div class=\"elementor-divider\">\n\t\t\t<span class=\"elementor-divider-separator\">\n\t\t\t\t\t\t<\/span>\n\t\t<\/div>\n\t\t\t\t\t\t<\/div>\n\t\t\t\t<\/div>\n\t\t\t\t\t<\/div>\n\t\t<\/div>\n\t\t\t\t\t<\/div>\n\t\t<\/section>\n\t\t\t\t<section class=\"elementor-section elementor-top-section elementor-element elementor-element-55cbf4a elementor-section-boxed elementor-section-height-default elementor-section-height-default\" data-id=\"55cbf4a\" data-element_type=\"section\" data-e-type=\"section\">\n\t\t\t\t\t\t<div class=\"elementor-container elementor-column-gap-default\">\n\t\t\t\t\t<div class=\"elementor-column elementor-col-100 elementor-top-column elementor-element elementor-element-b267590\" data-id=\"b267590\" data-element_type=\"column\" data-e-type=\"column\">\n\t\t\t<div class=\"elementor-widget-wrap elementor-element-populated\">\n\t\t\t\t\t\t<div class=\"elementor-element elementor-element-be42acb elementor-widget elementor-widget-heading\" data-id=\"be42acb\" data-element_type=\"widget\" data-e-type=\"widget\" data-widget_type=\"heading.default\">\n\t\t\t\t<div class=\"elementor-widget-container\">\n\t\t\t\t\t<h2 class=\"elementor-heading-title elementor-size-default\">CENNIK WYPO\u017bYCZALNI SPRZ\u0118TU<\/h2>\t\t\t\t<\/div>\n\t\t\t\t<\/div>\n\t\t\t\t\t<\/div>\n\t\t<\/div>\n\t\t\t\t\t<\/div>\n\t\t<\/section>\n\t\t\t\t<section class=\"elementor-section elementor-top-section elementor-element elementor-element-22a4a33 elementor-section-boxed elementor-section-height-default elementor-section-height-default\" data-id=\"22a4a33\" data-element_type=\"section\" data-e-type=\"section\">\n\t\t\t\t\t\t<div class=\"elementor-container elementor-column-gap-default\">\n\t\t\t\t\t<div class=\"elementor-column elementor-col-100 elementor-top-column elementor-element elementor-element-46221cb\" data-id=\"46221cb\" data-element_type=\"column\" data-e-type=\"column\">\n\t\t\t<div class=\"elementor-widget-wrap elementor-element-populated\">\n\t\t\t\t\t\t<div class=\"elementor-element elementor-element-b3e13fa elementor-widget elementor-widget-text-editor\" data-id=\"b3e13fa\" data-element_type=\"widget\" data-e-type=\"widget\" data-widget_type=\"text-editor.default\">\n\t\t\t\t<div class=\"elementor-widget-container\">\n\t\t\t\t\t\t\t\t\t<p><strong>KOMPLET NARCIARSKI<\/strong> (narty, buty, kijki) na naszym wyci\u0105gu do 3h &#8211; <strong>40 z\u0142<\/strong><\/p>\n<p><strong>KOMPLET NARCIARSKI<\/strong> (narty, buty, kijki) na naszym wyci\u0105gu ca\u0142y dzie\u0144 &#8211; <strong>50 z\u0142<\/strong><\/p>\n<p><strong>KOMPLET SNOWBOARDOWY<\/strong> (buty, deska) na naszym wyci\u0105gu do 3h &#8211; <strong>40 z\u0142<\/strong><\/p>\n<p><strong>KOMPLET SNOWBOARDOWY<\/strong> (buty, deska) na naszym wyci\u0105gu ca\u0142y dzie\u0144&nbsp;&#8211; <strong>50 z\u0142<\/strong><\/p>\n<p><strong>SPRZ\u0118T NARCIARSKI DLA DZIECKA<\/strong> (narty, buty, kijki, kask) 3h &#8211; <strong>40 z\u0142<\/strong><\/p>\n<p><strong>NARTY<\/strong> do 3 h &#8211; <strong>20 z\u0142<\/strong><\/p>\n<p><strong>NARTY<\/strong> ca\u0142y dzie\u0144 &#8211; <strong>30 z\u0142<\/strong><\/p>\n<p><strong>SNOWBOARD<\/strong> do 3 h &#8211; <strong>20 z\u0142<\/strong><\/p>\n<p><strong>SNOWBOARD<\/strong> ca\u0142y dzie\u0144 &#8211; <strong>30 z\u0142<\/strong><\/p>\n<p><strong>BUTY NARCIARSKIE<\/strong> do 3 h &#8211; <strong>20 z\u0142<\/strong><\/p>\n<p><strong>BUTY NARCIARSKIE<\/strong> ca\u0142y dzie\u0144 &#8211; <strong>20 z\u0142<\/strong><\/p>\n<p><strong>BUTY SNOWBOARDOWE<\/strong> do 3 h &#8211;<strong> 20 z\u0142<\/strong><\/p>\n<p style=\"margin-bottom: 20px;\"><strong>BUTY SNOWBOARDOWE<\/strong> ca\u0142y dzie\u0144 &#8211; <strong>20 z\u0142<\/strong><\/p>\n<p style=\"margin-bottom: 20px;\"><strong>KASKI\/GOOGLE\/KIJKI<\/strong> &#8211; <strong>10 z\u0142 \/ szt<\/strong><\/p>\n<p style=\"margin-bottom: 20px;\"><strong>KARNET 10 przejazdowy<\/strong> &#8211; <strong>30 z\u0142<\/strong><\/p>\t\t\t\t\t\t\t\t<\/div>\n\t\t\t\t<\/div>\n\t\t\t\t\t<\/div>\n\t\t<\/div>\n\t\t\t\t\t<\/div>\n\t\t<\/section>\n\t\t\t\t<section class=\"elementor-section elementor-top-section elementor-element elementor-element-573277b elementor-section-boxed elementor-section-height-default elementor-section-height-default\" data-id=\"573277b\" data-element_type=\"section\" data-e-type=\"section\">\n\t\t\t\t\t\t<div class=\"elementor-container elementor-column-gap-default\">\n\t\t\t\t\t<div class=\"elementor-column elementor-col-100 elementor-top-column elementor-element elementor-element-8469797\" data-id=\"8469797\" data-element_type=\"column\" data-e-type=\"column\">\n\t\t\t<div class=\"elementor-widget-wrap elementor-element-populated\">\n\t\t\t\t\t\t<div class=\"elementor-element elementor-element-864b491 elementor-widget elementor-widget-spacer\" data-id=\"864b491\" data-element_type=\"widget\" data-e-type=\"widget\" data-widget_type=\"spacer.default\">\n\t\t\t\t<div class=\"elementor-widget-container\">\n\t\t\t\t\t\t\t<div class=\"elementor-spacer\">\n\t\t\t<div class=\"elementor-spacer-inner\"><\/div>\n\t\t<\/div>\n\t\t\t\t\t\t<\/div>\n\t\t\t\t<\/div>\n\t\t\t\t\t<\/div>\n\t\t<\/div>\n\t\t\t\t\t<\/div>\n\t\t<\/section>\n\t\t\t\t<section class=\"elementor-section elementor-top-section elementor-element elementor-element-bbecadc elementor-section-boxed elementor-section-height-default elementor-section-height-default\" data-id=\"bbecadc\" data-element_type=\"section\" data-e-type=\"section\">\n\t\t\t\t\t\t<div class=\"elementor-container elementor-column-gap-default\">\n\t\t\t\t\t<div class=\"elementor-column elementor-col-100 elementor-top-column elementor-element elementor-element-d0fad7d\" data-id=\"d0fad7d\" data-element_type=\"column\" data-e-type=\"column\">\n\t\t\t<div class=\"elementor-widget-wrap elementor-element-populated\">\n\t\t\t\t\t\t<div class=\"elementor-element elementor-element-d12bfb0 elementor-widget elementor-widget-image\" data-id=\"d12bfb0\" data-element_type=\"widget\" data-e-type=\"widget\" data-widget_type=\"image.default\">\n\t\t\t\t<div class=\"elementor-widget-container\">\n\t\t\t\t\t\t\t\t\t\t\t\t\t\t\t<img decoding=\"async\" width=\"950\" height=\"713\" src=\"https:\/\/wyciag-sekowa.pl\/wp-content\/uploads\/2022\/01\/Projekt-221-1024x768.jpg\" class=\"attachment-large size-large wp-image-165\" alt=\"\" srcset=\"https:\/\/wyciag-sekowa.pl\/wp-content\/uploads\/2022\/01\/Projekt-221-1024x768.jpg 1024w, https:\/\/wyciag-sekowa.pl\/wp-content\/uploads\/2022\/01\/Projekt-221-300x225.jpg 300w, https:\/\/wyciag-sekowa.pl\/wp-content\/uploads\/2022\/01\/Projekt-221-768x576.jpg 768w, https:\/\/wyciag-sekowa.pl\/wp-content\/uploads\/2022\/01\/Projekt-221-1536x1152.jpg 1536w, https:\/\/wyciag-sekowa.pl\/wp-content\/uploads\/2022\/01\/Projekt-221-2048x1536.jpg 2048w, https:\/\/wyciag-sekowa.pl\/wp-content\/uploads\/2022\/01\/Projekt-221-2000x1500.jpg 2000w\" sizes=\"100vw\" \/>\t\t\t\t\t\t\t\t\t\t\t\t\t\t\t<\/div>\n\t\t\t\t<\/div>\n\t\t\t\t\t<\/div>\n\t\t<\/div>\n\t\t\t\t\t<\/div>\n\t\t<\/section>\n\t\t\t\t<\/div>\n\t\t","protected":false},"excerpt":{"rendered":"<p>CENNIK WYPO\u017bYCZALNI SPRZ\u0118TU KOMPLET NARCIARSKI (narty, buty, kijki) na naszym wyci\u0105gu do 3h &#8211; 40 z\u0142 KOMPLET NARCIARSKI (narty, buty, kijki) na naszym wyci\u0105gu ca\u0142y dzie\u0144 &#8211; 50 z\u0142 KOMPLET SNOWBOARDOWY (buty, deska) na naszym wyci\u0105gu do 3h &#8211; 40 z\u0142 KOMPLET SNOWBOARDOWY (buty, deska) na naszym wyci\u0105gu ca\u0142y dzie\u0144&nbsp;&#8211; 50 z\u0142 SPRZ\u0118T NARCIARSKI DLA &hellip; <\/p>\n<p class=\"link-more\"><a href=\"https:\/\/wyciag-sekowa.pl\/index.php\/cennik\/\" class=\"more-link\">Read more<span class=\"screen-reader-text\"> &#8222;Cennik&#8221;<\/span><\/a><\/p>\n","protected":false},"author":1,"featured_media":0,"parent":0,"menu_order":0,"comment_status":"closed","ping_status":"closed","template":"","meta":{"om_disable_all_campaigns":false,"_monsterinsights_skip_tracking":false,"_monsterinsights_sitenote_active":false,"_monsterinsights_sitenote_note":"","_monsterinsights_sitenote_category":0,"inspiro_hide_title":false,"footnotes":""},"class_list":["post-96","page","type-page","status-publish","hentry"],"aioseo_notices":[],"_links":{"self":[{"href":"https:\/\/wyciag-sekowa.pl\/index.php\/wp-json\/wp\/v2\/pages\/96","targetHints":{"allow":["GET"]}}],"collection":[{"href":"https:\/\/wyciag-sekowa.pl\/index.php\/wp-json\/wp\/v2\/pages"}],"about":[{"href":"https:\/\/wyciag-sekowa.pl\/index.php\/wp-json\/wp\/v2\/types\/page"}],"author":[{"embeddable":true,"href":"https:\/\/wyciag-sekowa.pl\/index.php\/wp-json\/wp\/v2\/users\/1"}],"replies":[{"embeddable":true,"href":"https:\/\/wyciag-sekowa.pl\/index.php\/wp-json\/wp\/v2\/comments?post=96"}],"version-history":[{"count":34,"href":"https:\/\/wyciag-sekowa.pl\/index.php\/wp-json\/wp\/v2\/pages\/96\/revisions"}],"predecessor-version":[{"id":358,"href":"https:\/\/wyciag-sekowa.pl\/index.php\/wp-json\/wp\/v2\/pages\/96\/revisions\/358"}],"wp:attachment":[{"href":"https:\/\/wyciag-sekowa.pl\/index.php\/wp-json\/wp\/v2\/media?parent=96"}],"curies":[{"name":"wp","href":"https:\/\/api.w.org\/{rel}","templated":true}]}}