{"id":224,"date":"2022-01-05T17:12:43","date_gmt":"2022-01-05T16:12:43","guid":{"rendered":"https:\/\/wyciag-sekowa.pl\/?page_id=224"},"modified":"2024-12-30T12:48:10","modified_gmt":"2024-12-30T11:48:10","slug":"regulamin","status":"publish","type":"page","link":"https:\/\/wyciag-sekowa.pl\/index.php\/regulamin\/","title":{"rendered":"REGULAMIN"},"content":{"rendered":"\t\t<div data-elementor-type=\"wp-page\" data-elementor-id=\"224\" class=\"elementor elementor-224\">\n\t\t\t\t\t\t<section class=\"elementor-section elementor-top-section elementor-element elementor-element-9f08615 elementor-section-boxed elementor-section-height-default elementor-section-height-default\" data-id=\"9f08615\" data-element_type=\"section\" data-e-type=\"section\">\n\t\t\t\t\t\t<div class=\"elementor-container elementor-column-gap-default\">\n\t\t\t\t\t<div class=\"elementor-column elementor-col-100 elementor-top-column elementor-element elementor-element-78e4f3d\" data-id=\"78e4f3d\" data-element_type=\"column\" data-e-type=\"column\">\n\t\t\t<div class=\"elementor-widget-wrap elementor-element-populated\">\n\t\t\t\t\t\t<div class=\"elementor-element elementor-element-bd15233 elementor-widget elementor-widget-image\" data-id=\"bd15233\" data-element_type=\"widget\" data-e-type=\"widget\" data-widget_type=\"image.default\">\n\t\t\t\t<div class=\"elementor-widget-container\">\n\t\t\t\t\t\t\t\t\t\t\t\t\t\t\t<img fetchpriority=\"high\" decoding=\"async\" width=\"950\" height=\"380\" src=\"https:\/\/wyciag-sekowa.pl\/wp-content\/uploads\/2022\/01\/Revity-znaki-20-1024x410.jpg\" class=\"attachment-large size-large wp-image-235\" alt=\"\" srcset=\"https:\/\/wyciag-sekowa.pl\/wp-content\/uploads\/2022\/01\/Revity-znaki-20-1024x410.jpg 1024w, https:\/\/wyciag-sekowa.pl\/wp-content\/uploads\/2022\/01\/Revity-znaki-20-300x120.jpg 300w, https:\/\/wyciag-sekowa.pl\/wp-content\/uploads\/2022\/01\/Revity-znaki-20-768x307.jpg 768w, https:\/\/wyciag-sekowa.pl\/wp-content\/uploads\/2022\/01\/Revity-znaki-20.jpg 1250w\" sizes=\"100vw\" \/>\t\t\t\t\t\t\t\t\t\t\t\t\t\t\t<\/div>\n\t\t\t\t<\/div>\n\t\t\t\t\t<\/div>\n\t\t<\/div>\n\t\t\t\t\t<\/div>\n\t\t<\/section>\n\t\t\t\t<section class=\"elementor-section elementor-top-section elementor-element elementor-element-a714cdf elementor-section-boxed elementor-section-height-default elementor-section-height-default\" data-id=\"a714cdf\" data-element_type=\"section\" data-e-type=\"section\">\n\t\t\t\t\t\t<div class=\"elementor-container elementor-column-gap-default\">\n\t\t\t\t\t<div class=\"elementor-column elementor-col-100 elementor-top-column elementor-element elementor-element-804af94\" data-id=\"804af94\" data-element_type=\"column\" data-e-type=\"column\">\n\t\t\t<div class=\"elementor-widget-wrap elementor-element-populated\">\n\t\t\t\t\t\t<div class=\"elementor-element elementor-element-39b545d elementor-widget elementor-widget-spacer\" data-id=\"39b545d\" data-element_type=\"widget\" data-e-type=\"widget\" data-widget_type=\"spacer.default\">\n\t\t\t\t<div class=\"elementor-widget-container\">\n\t\t\t\t\t\t\t<div class=\"elementor-spacer\">\n\t\t\t<div class=\"elementor-spacer-inner\"><\/div>\n\t\t<\/div>\n\t\t\t\t\t\t<\/div>\n\t\t\t\t<\/div>\n\t\t\t\t\t<\/div>\n\t\t<\/div>\n\t\t\t\t\t<\/div>\n\t\t<\/section>\n\t\t\t\t<section class=\"elementor-section elementor-top-section elementor-element elementor-element-ead629e elementor-section-boxed elementor-section-height-default elementor-section-height-default\" data-id=\"ead629e\" data-element_type=\"section\" data-e-type=\"section\">\n\t\t\t\t\t\t<div class=\"elementor-container elementor-column-gap-default\">\n\t\t\t\t\t<div class=\"elementor-column elementor-col-100 elementor-top-column elementor-element elementor-element-e3f0a79\" data-id=\"e3f0a79\" data-element_type=\"column\" data-e-type=\"column\">\n\t\t\t<div class=\"elementor-widget-wrap elementor-element-populated\">\n\t\t\t\t\t\t<div class=\"elementor-element elementor-element-3a94065 elementor-widget elementor-widget-spacer\" data-id=\"3a94065\" data-element_type=\"widget\" data-e-type=\"widget\" data-widget_type=\"spacer.default\">\n\t\t\t\t<div class=\"elementor-widget-container\">\n\t\t\t\t\t\t\t<div class=\"elementor-spacer\">\n\t\t\t<div class=\"elementor-spacer-inner\"><\/div>\n\t\t<\/div>\n\t\t\t\t\t\t<\/div>\n\t\t\t\t<\/div>\n\t\t\t\t\t<\/div>\n\t\t<\/div>\n\t\t\t\t\t<\/div>\n\t\t<\/section>\n\t\t\t\t<section class=\"elementor-section elementor-top-section elementor-element elementor-element-50e9d9e elementor-section-boxed elementor-section-height-default elementor-section-height-default\" data-id=\"50e9d9e\" data-element_type=\"section\" data-e-type=\"section\">\n\t\t\t\t\t\t<div class=\"elementor-container elementor-column-gap-default\">\n\t\t\t\t\t<div class=\"elementor-column elementor-col-100 elementor-top-column elementor-element elementor-element-dd752e8\" data-id=\"dd752e8\" data-element_type=\"column\" data-e-type=\"column\">\n\t\t\t<div class=\"elementor-widget-wrap elementor-element-populated\">\n\t\t\t\t\t\t<div class=\"elementor-element elementor-element-d95050a elementor-widget elementor-widget-text-editor\" data-id=\"d95050a\" data-element_type=\"widget\" data-e-type=\"widget\" data-widget_type=\"text-editor.default\">\n\t\t\t\t<div class=\"elementor-widget-container\">\n\t\t\t\t\t\t\t\t\t<p><strong>REGULAMIN STACJI NARCIARSKIEJ S\u0118KOWA SKI<\/strong><\/p><p>Maj\u0105c na uwadze bezpiecze\u0144stwo Klient\u00f3w naszej stacji narciarskiej, prosimy o zapoznanie si\u0119 i przestrzeganie niniejszego regulaminu.<\/p><p><strong>I. Postanowienia og\u00f3lne.<\/strong><\/p><ol><li>Korzystanie z transportu liniowego i trasy narciarskiej odbywa si\u0119 w godzinach otwarcia naszej stacji, na podstawie wykupionego biletu.<\/li><li>Zakup biletu oznacza akceptacj\u0119 niniejszego regulaminu.<\/li><li>Osoby przebywaj\u0105ce na stacji narciarskiej odpowiedzialne s\u0105 nie tylko za w\u0142asne zachowanie, lecz r\u00f3wnie\u017c za dzia\u0142anie sprz\u0119tu narciarskiego i snowboardowego przez nie u\u017cywanego.<\/li><li>Osoby uprawiaj\u0105ce narciarstwo lub snowboarding do uko\u0144czenia 16 roku \u017cycia obowi\u0105zane s\u0105 u\u017cywa\u0107 w czasie jazdy kask\u00f3w ochronnych konstrukcyjnie przeznaczonych do uprawiania narciarstwa lub snowboardingu.<\/li><li>Zabronione jest korzystanie z urz\u0105dze\u0144 transportu linowego oraz trasy narciarskiej przez osoby b\u0119d\u0105ce w stanie nietrze\u017awo\u015bci lub pod wp\u0142ywem \u015brodk\u00f3w odurzaj\u0105cych b\u0105d\u017a substancji psychotropowych.<\/li><li>Zarz\u0105dzaj\u0105cy stacj\u0105 narciarsk\u0105 zastrzega sobie prawo do odmowy wst\u0119pu b\u0105d\u017a do usuni\u0119cia os\u00f3b, kt\u00f3rych zachowanie wyra\u017anie wskazuje, \u017ce znajduj\u0105 si\u0119 pod wp\u0142ywem alkoholu b\u0105d\u017a \u015brodk\u00f3w odurzaj\u0105cych.<\/li><li>Zabrania si\u0119 wprowadzania na teren stacji narciarskiej zwierz\u0105t oraz pozostawiania i wyrzucania nieczysto\u015bci w miejscach do tego nieprzeznaczonych.<\/li><li>Zabrania si\u0119 spo\u017cywania alkoholu i palenia tytoniu na trasie narciarskiej oraz w trakcie korzystania z wyci\u0105gu.<\/li><li>Zabrania si\u0119 korzystania z trasy narciarskiej poza godzinami otwarcia stacji narciarskiej oraz przebywania poza miejscami do tego wyznaczonymi.<\/li><li>Na trasie narciarskiej zabroniony jest ruch pieszych, zjazd na sankach oraz innych przedmiotach ni\u017c narty lub snowboard. Trasa narciarska jest jednokierunkowa i jest przeznaczone wy\u0142\u0105cznie do zjazdu.<\/li><li>W trakcie u\u017cytkowania urz\u0105dzenia transportu linowego nale\u017cy bezwzgl\u0119dnie przestrzega\u0107 zasad bezpiecznego korzystania z urz\u0105dzenia transportu linowego oraz trasy narciarskiej, ponadto nale\u017cy stosowa\u0107 si\u0119 do przepis\u00f3w kodeksu narciarskiego, instrukcji, znak\u00f3w i zalece\u0144 obs\u0142ugi, w tym do zapis\u00f3w niniejszego regulaminu.<\/li><li>Pocz\u0105tkuj\u0105cy narciarze i snowboardzi\u015bci zobowi\u0105zani s\u0105 do informowania o tym fakcie obs\u0142ug\u0119 wyci\u0105gu oraz mog\u0105 \u017c\u0105da\u0107 dodatkowych informacji nt. poruszania si\u0119 transportem linowym.<\/li><li>Wsiadanie i wysiadanie z urz\u0105dze\u0144 transportu linowego odbywa si\u0119 wy\u0142\u0105cznie w oznakowanych miejscach do tego przeznaczonych.<\/li><li>Wszelka dzia\u0142alno\u015b\u0107 zarobkowa, w tym szkolenie narciarskie na obszarze stacji narciarskiej wymaga zgody zarz\u0105dzaj\u0105cego. Zabrania si\u0119 przebywania na terenie stacji narciarskiej w odzie\u017cy z oznaczeniami \u201einstruktor\u201d itp., bez zgody zarz\u0105dzaj\u0105cego stacj\u0105 narciarsk\u0105.<\/li><li>Zarz\u0105dzaj\u0105cy stacj\u0105 narciarsk\u0105 nie odpowiada za uszkodzenia sprz\u0119tu narciarskiego lub snowboardowego, w szczeg\u00f3lno\u015bci za uszkodzenia i porysowania \u015blizg\u00f3w.<\/li><li>Osoby, nie przestrzegaj\u0105ce niniejszego regulaminu mog\u0105 zosta\u0107 usuni\u0119te poza teren stacji narciarskiej oraz mog\u0105 zosta\u0107 pozbawione biletu uprawniaj\u0105cego do korzystania z urz\u0105dze\u0144 transportu linowego.<\/li><li>Uwaga: na trasie wyci\u0105gu oraz na trasach narciarskich mo\u017ce pojawi\u0107 si\u0119 sprz\u0119t s\u0142u\u017cb technicznych, ratunkowych lub obs\u0142ugi wyci\u0105gu (ratrak, skuter \u015bnie\u017cne itp.).<\/li><\/ol>\t\t\t\t\t\t\t\t<\/div>\n\t\t\t\t<\/div>\n\t\t\t\t\t<\/div>\n\t\t<\/div>\n\t\t\t\t\t<\/div>\n\t\t<\/section>\n\t\t\t\t<section class=\"elementor-section elementor-top-section elementor-element elementor-element-8fa2957 elementor-section-boxed elementor-section-height-default elementor-section-height-default\" data-id=\"8fa2957\" data-element_type=\"section\" data-e-type=\"section\">\n\t\t\t\t\t\t<div class=\"elementor-container elementor-column-gap-default\">\n\t\t\t\t\t<div class=\"elementor-column elementor-col-100 elementor-top-column elementor-element elementor-element-72151b9\" data-id=\"72151b9\" data-element_type=\"column\" data-e-type=\"column\">\n\t\t\t<div class=\"elementor-widget-wrap elementor-element-populated\">\n\t\t\t\t\t\t<div class=\"elementor-element elementor-element-bb4773a elementor-widget-divider--view-line elementor-widget elementor-widget-divider\" data-id=\"bb4773a\" data-element_type=\"widget\" data-e-type=\"widget\" data-widget_type=\"divider.default\">\n\t\t\t\t<div class=\"elementor-widget-container\">\n\t\t\t\t\t\t\t<div class=\"elementor-divider\">\n\t\t\t<span class=\"elementor-divider-separator\">\n\t\t\t\t\t\t<\/span>\n\t\t<\/div>\n\t\t\t\t\t\t<\/div>\n\t\t\t\t<\/div>\n\t\t\t\t\t<\/div>\n\t\t<\/div>\n\t\t\t\t\t<\/div>\n\t\t<\/section>\n\t\t\t\t<section class=\"elementor-section elementor-top-section elementor-element elementor-element-d328536 elementor-section-boxed elementor-section-height-default elementor-section-height-default\" data-id=\"d328536\" data-element_type=\"section\" data-e-type=\"section\">\n\t\t\t\t\t\t<div class=\"elementor-container elementor-column-gap-default\">\n\t\t\t\t\t<div class=\"elementor-column elementor-col-100 elementor-top-column elementor-element elementor-element-f9ed657\" data-id=\"f9ed657\" data-element_type=\"column\" data-e-type=\"column\">\n\t\t\t<div class=\"elementor-widget-wrap elementor-element-populated\">\n\t\t\t\t\t\t<div class=\"elementor-element elementor-element-337c32e elementor-widget elementor-widget-spacer\" data-id=\"337c32e\" data-element_type=\"widget\" data-e-type=\"widget\" data-widget_type=\"spacer.default\">\n\t\t\t\t<div class=\"elementor-widget-container\">\n\t\t\t\t\t\t\t<div class=\"elementor-spacer\">\n\t\t\t<div class=\"elementor-spacer-inner\"><\/div>\n\t\t<\/div>\n\t\t\t\t\t\t<\/div>\n\t\t\t\t<\/div>\n\t\t\t\t\t<\/div>\n\t\t<\/div>\n\t\t\t\t\t<\/div>\n\t\t<\/section>\n\t\t\t\t<section class=\"elementor-section elementor-top-section elementor-element elementor-element-08d14f9 elementor-section-boxed elementor-section-height-default elementor-section-height-default\" data-id=\"08d14f9\" data-element_type=\"section\" data-e-type=\"section\">\n\t\t\t\t\t\t<div class=\"elementor-container elementor-column-gap-default\">\n\t\t\t\t\t<div class=\"elementor-column elementor-col-100 elementor-top-column elementor-element elementor-element-3eece8b\" data-id=\"3eece8b\" data-element_type=\"column\" data-e-type=\"column\">\n\t\t\t<div class=\"elementor-widget-wrap elementor-element-populated\">\n\t\t\t\t\t\t<div class=\"elementor-element elementor-element-401833a elementor-widget elementor-widget-spacer\" data-id=\"401833a\" data-element_type=\"widget\" data-e-type=\"widget\" data-widget_type=\"spacer.default\">\n\t\t\t\t<div class=\"elementor-widget-container\">\n\t\t\t\t\t\t\t<div class=\"elementor-spacer\">\n\t\t\t<div class=\"elementor-spacer-inner\"><\/div>\n\t\t<\/div>\n\t\t\t\t\t\t<\/div>\n\t\t\t\t<\/div>\n\t\t\t\t\t<\/div>\n\t\t<\/div>\n\t\t\t\t\t<\/div>\n\t\t<\/section>\n\t\t\t\t<\/div>\n\t\t","protected":false},"excerpt":{"rendered":"<p>REGULAMIN STACJI NARCIARSKIEJ S\u0118KOWA SKI Maj\u0105c na uwadze bezpiecze\u0144stwo Klient\u00f3w naszej stacji narciarskiej, prosimy o zapoznanie si\u0119 i przestrzeganie niniejszego regulaminu. I. Postanowienia og\u00f3lne. Korzystanie z transportu liniowego i trasy narciarskiej odbywa si\u0119 w godzinach otwarcia naszej stacji, na podstawie wykupionego biletu. Zakup biletu oznacza akceptacj\u0119 niniejszego regulaminu. Osoby przebywaj\u0105ce na stacji narciarskiej odpowiedzialne s\u0105 &hellip; <\/p>\n<p class=\"link-more\"><a href=\"https:\/\/wyciag-sekowa.pl\/index.php\/regulamin\/\" class=\"more-link\">Read more<span class=\"screen-reader-text\"> &#8222;REGULAMIN&#8221;<\/span><\/a><\/p>\n","protected":false},"author":1,"featured_media":0,"parent":0,"menu_order":0,"comment_status":"closed","ping_status":"closed","template":"","meta":{"om_disable_all_campaigns":false,"_monsterinsights_skip_tracking":false,"_monsterinsights_sitenote_active":false,"_monsterinsights_sitenote_note":"","_monsterinsights_sitenote_category":0,"inspiro_hide_title":false,"footnotes":""},"class_list":["post-224","page","type-page","status-publish","hentry"],"aioseo_notices":[],"_links":{"self":[{"href":"https:\/\/wyciag-sekowa.pl\/index.php\/wp-json\/wp\/v2\/pages\/224","targetHints":{"allow":["GET"]}}],"collection":[{"href":"https:\/\/wyciag-sekowa.pl\/index.php\/wp-json\/wp\/v2\/pages"}],"about":[{"href":"https:\/\/wyciag-sekowa.pl\/index.php\/wp-json\/wp\/v2\/types\/page"}],"author":[{"embeddable":true,"href":"https:\/\/wyciag-sekowa.pl\/index.php\/wp-json\/wp\/v2\/users\/1"}],"replies":[{"embeddable":true,"href":"https:\/\/wyciag-sekowa.pl\/index.php\/wp-json\/wp\/v2\/comments?post=224"}],"version-history":[{"count":37,"href":"https:\/\/wyciag-sekowa.pl\/index.php\/wp-json\/wp\/v2\/pages\/224\/revisions"}],"predecessor-version":[{"id":337,"href":"https:\/\/wyciag-sekowa.pl\/index.php\/wp-json\/wp\/v2\/pages\/224\/revisions\/337"}],"wp:attachment":[{"href":"https:\/\/wyciag-sekowa.pl\/index.php\/wp-json\/wp\/v2\/media?parent=224"}],"curies":[{"name":"wp","href":"https:\/\/api.w.org\/{rel}","templated":true}]}}