{"id":197,"date":"2022-01-05T16:39:33","date_gmt":"2022-01-05T15:39:33","guid":{"rendered":"https:\/\/wyciag-sekowa.pl\/?page_id=197"},"modified":"2026-01-31T13:22:20","modified_gmt":"2026-01-31T12:22:20","slug":"aktualnosci","status":"publish","type":"page","link":"https:\/\/wyciag-sekowa.pl\/index.php\/aktualnosci\/","title":{"rendered":"AKTUALNO\u015aCI"},"content":{"rendered":"\t\t<div data-elementor-type=\"wp-page\" data-elementor-id=\"197\" class=\"elementor elementor-197\">\n\t\t\t\t\t\t<section class=\"elementor-section elementor-top-section elementor-element elementor-element-9c5065d elementor-section-boxed elementor-section-height-default elementor-section-height-default\" data-id=\"9c5065d\" data-element_type=\"section\" data-e-type=\"section\">\n\t\t\t\t\t\t<div class=\"elementor-container elementor-column-gap-default\">\n\t\t\t\t\t<div class=\"elementor-column elementor-col-100 elementor-top-column elementor-element elementor-element-a780b1c\" data-id=\"a780b1c\" data-element_type=\"column\" data-e-type=\"column\">\n\t\t\t<div class=\"elementor-widget-wrap elementor-element-populated\">\n\t\t\t\t\t\t<div class=\"elementor-element elementor-element-b94462a elementor-widget elementor-widget-image\" data-id=\"b94462a\" data-element_type=\"widget\" data-e-type=\"widget\" data-widget_type=\"image.default\">\n\t\t\t\t<div class=\"elementor-widget-container\">\n\t\t\t\t\t\t\t\t\t\t\t\t\t\t\t<img fetchpriority=\"high\" decoding=\"async\" width=\"950\" height=\"380\" src=\"https:\/\/wyciag-sekowa.pl\/wp-content\/uploads\/2022\/01\/Revity-znaki-21-1024x410.jpg\" class=\"attachment-large size-large wp-image-276\" alt=\"\" srcset=\"https:\/\/wyciag-sekowa.pl\/wp-content\/uploads\/2022\/01\/Revity-znaki-21-1024x410.jpg 1024w, https:\/\/wyciag-sekowa.pl\/wp-content\/uploads\/2022\/01\/Revity-znaki-21-300x120.jpg 300w, https:\/\/wyciag-sekowa.pl\/wp-content\/uploads\/2022\/01\/Revity-znaki-21-768x307.jpg 768w, https:\/\/wyciag-sekowa.pl\/wp-content\/uploads\/2022\/01\/Revity-znaki-21.jpg 1250w\" sizes=\"100vw\" \/>\t\t\t\t\t\t\t\t\t\t\t\t\t\t\t<\/div>\n\t\t\t\t<\/div>\n\t\t\t\t\t<\/div>\n\t\t<\/div>\n\t\t\t\t\t<\/div>\n\t\t<\/section>\n\t\t\t\t<section class=\"elementor-section elementor-top-section elementor-element elementor-element-071b1b6 elementor-section-boxed elementor-section-height-default elementor-section-height-default\" data-id=\"071b1b6\" data-element_type=\"section\" data-e-type=\"section\">\n\t\t\t\t\t\t<div class=\"elementor-container elementor-column-gap-default\">\n\t\t\t\t\t<div class=\"elementor-column elementor-col-100 elementor-top-column elementor-element elementor-element-9f424b8\" data-id=\"9f424b8\" data-element_type=\"column\" data-e-type=\"column\">\n\t\t\t<div class=\"elementor-widget-wrap elementor-element-populated\">\n\t\t\t\t\t\t<div class=\"elementor-element elementor-element-dafc4af elementor-widget elementor-widget-spacer\" data-id=\"dafc4af\" data-element_type=\"widget\" data-e-type=\"widget\" data-widget_type=\"spacer.default\">\n\t\t\t\t<div class=\"elementor-widget-container\">\n\t\t\t\t\t\t\t<div class=\"elementor-spacer\">\n\t\t\t<div class=\"elementor-spacer-inner\"><\/div>\n\t\t<\/div>\n\t\t\t\t\t\t<\/div>\n\t\t\t\t<\/div>\n\t\t\t\t\t<\/div>\n\t\t<\/div>\n\t\t\t\t\t<\/div>\n\t\t<\/section>\n\t\t\t\t<section class=\"elementor-section elementor-top-section elementor-element elementor-element-c8632b8 elementor-section-boxed elementor-section-height-default elementor-section-height-default\" data-id=\"c8632b8\" data-element_type=\"section\" data-e-type=\"section\">\n\t\t\t\t\t\t<div class=\"elementor-container elementor-column-gap-default\">\n\t\t\t\t\t<div class=\"elementor-column elementor-col-100 elementor-top-column elementor-element elementor-element-a7d3af9\" data-id=\"a7d3af9\" data-element_type=\"column\" data-e-type=\"column\">\n\t\t\t<div class=\"elementor-widget-wrap elementor-element-populated\">\n\t\t\t\t\t\t<div class=\"elementor-element elementor-element-c943bd4 elementor-widget elementor-widget-heading\" data-id=\"c943bd4\" data-element_type=\"widget\" data-e-type=\"widget\" data-widget_type=\"heading.default\">\n\t\t\t\t<div class=\"elementor-widget-container\">\n\t\t\t\t\t<h3 class=\"elementor-heading-title elementor-size-default\">GODZINY PRACY STACJI NARCIARSKIEJ I WYPO\u017bYCZALNI SPRZ\u0118TU<\/h3>\t\t\t\t<\/div>\n\t\t\t\t<\/div>\n\t\t\t\t\t<\/div>\n\t\t<\/div>\n\t\t\t\t\t<\/div>\n\t\t<\/section>\n\t\t\t\t<section class=\"elementor-section elementor-top-section elementor-element elementor-element-fe240a7 elementor-section-boxed elementor-section-height-default elementor-section-height-default\" data-id=\"fe240a7\" data-element_type=\"section\" data-e-type=\"section\">\n\t\t\t\t\t\t<div class=\"elementor-container elementor-column-gap-default\">\n\t\t\t\t\t<div class=\"elementor-column elementor-col-100 elementor-top-column elementor-element elementor-element-b7cf144\" data-id=\"b7cf144\" data-element_type=\"column\" data-e-type=\"column\">\n\t\t\t<div class=\"elementor-widget-wrap elementor-element-populated\">\n\t\t\t\t\t\t<div class=\"elementor-element elementor-element-2d6701f elementor-widget-divider--view-line elementor-widget elementor-widget-divider\" data-id=\"2d6701f\" data-element_type=\"widget\" data-e-type=\"widget\" data-widget_type=\"divider.default\">\n\t\t\t\t<div class=\"elementor-widget-container\">\n\t\t\t\t\t\t\t<div class=\"elementor-divider\">\n\t\t\t<span class=\"elementor-divider-separator\">\n\t\t\t\t\t\t<\/span>\n\t\t<\/div>\n\t\t\t\t\t\t<\/div>\n\t\t\t\t<\/div>\n\t\t\t\t\t<\/div>\n\t\t<\/div>\n\t\t\t\t\t<\/div>\n\t\t<\/section>\n\t\t\t\t<section class=\"elementor-section elementor-top-section elementor-element elementor-element-154b9a1 elementor-section-boxed elementor-section-height-default elementor-section-height-default\" data-id=\"154b9a1\" data-element_type=\"section\" data-e-type=\"section\">\n\t\t\t\t\t\t<div class=\"elementor-container elementor-column-gap-default\">\n\t\t\t\t\t<div class=\"elementor-column elementor-col-100 elementor-top-column elementor-element elementor-element-305b231\" data-id=\"305b231\" data-element_type=\"column\" data-e-type=\"column\">\n\t\t\t<div class=\"elementor-widget-wrap elementor-element-populated\">\n\t\t\t\t\t\t<div class=\"elementor-element elementor-element-42c7b43 elementor-invisible elementor-widget elementor-widget-image\" data-id=\"42c7b43\" data-element_type=\"widget\" data-e-type=\"widget\" data-settings=\"{&quot;_animation&quot;:&quot;fadeInDown&quot;}\" data-widget_type=\"image.default\">\n\t\t\t\t<div class=\"elementor-widget-container\">\n\t\t\t\t\t\t\t\t\t\t\t\t\t\t\t\t<a href=\"https:\/\/www.facebook.com\/Wyci%C4%85g-S%C4%99kowa-417242211714886\">\n\t\t\t\t\t\t\t<img decoding=\"async\" width=\"300\" height=\"90\" src=\"https:\/\/wyciag-sekowa.pl\/wp-content\/uploads\/2022\/01\/Projekt-bez-tytulu-2-300x90-1.jpg\" class=\"attachment-large size-large wp-image-206\" alt=\"\" sizes=\"100vw\" \/>\t\t\t\t\t\t\t\t<\/a>\n\t\t\t\t\t\t\t\t\t\t\t\t\t\t\t<\/div>\n\t\t\t\t<\/div>\n\t\t\t\t\t<\/div>\n\t\t<\/div>\n\t\t\t\t\t<\/div>\n\t\t<\/section>\n\t\t\t\t<section class=\"elementor-section elementor-top-section elementor-element elementor-element-f9d1903 elementor-section-boxed elementor-section-height-default elementor-section-height-default\" data-id=\"f9d1903\" data-element_type=\"section\" data-e-type=\"section\">\n\t\t\t\t\t\t<div class=\"elementor-container elementor-column-gap-default\">\n\t\t\t\t\t<div class=\"elementor-column elementor-col-100 elementor-top-column elementor-element elementor-element-108e5f0\" data-id=\"108e5f0\" data-element_type=\"column\" data-e-type=\"column\">\n\t\t\t<div class=\"elementor-widget-wrap\">\n\t\t\t\t\t\t\t<\/div>\n\t\t<\/div>\n\t\t\t\t\t<\/div>\n\t\t<\/section>\n\t\t\t\t<section class=\"elementor-section elementor-top-section elementor-element elementor-element-8c402fa elementor-section-boxed elementor-section-height-default elementor-section-height-default\" data-id=\"8c402fa\" data-element_type=\"section\" data-e-type=\"section\">\n\t\t\t\t\t\t<div class=\"elementor-container elementor-column-gap-default\">\n\t\t\t\t\t<div class=\"elementor-column elementor-col-100 elementor-top-column elementor-element elementor-element-18930a4\" data-id=\"18930a4\" data-element_type=\"column\" data-e-type=\"column\">\n\t\t\t<div class=\"elementor-widget-wrap elementor-element-populated\">\n\t\t\t\t\t\t<section class=\"elementor-section elementor-inner-section elementor-element elementor-element-83a6600 elementor-section-boxed elementor-section-height-default elementor-section-height-default\" data-id=\"83a6600\" data-element_type=\"section\" data-e-type=\"section\">\n\t\t\t\t\t\t<div class=\"elementor-container elementor-column-gap-default\">\n\t\t\t\t\t<div class=\"elementor-column elementor-col-50 elementor-inner-column elementor-element elementor-element-74fabbd\" data-id=\"74fabbd\" data-element_type=\"column\" data-e-type=\"column\">\n\t\t\t<div class=\"elementor-widget-wrap elementor-element-populated\">\n\t\t\t\t\t\t<div class=\"elementor-element elementor-element-a314862 elementor-widget elementor-widget-text-editor\" data-id=\"a314862\" data-element_type=\"widget\" data-e-type=\"widget\" data-widget_type=\"text-editor.default\">\n\t\t\t\t<div class=\"elementor-widget-container\">\n\t\t\t\t\t\t\t\t\t<h3 class=\"elementor-heading-title elementor-size-default elementor-inline-editing pen\" data-elementor-setting-key=\"title\" data-pen-placeholder=\"Pisz tutaj...\">STACJA NARCIARSKA I WYPO\u017bYCZALNIA SPRZ\u0118TU<\/h3>\t\t\t\t\t\t\t\t<\/div>\n\t\t\t\t<\/div>\n\t\t\t\t\t<\/div>\n\t\t<\/div>\n\t\t\t\t<div class=\"elementor-column elementor-col-50 elementor-inner-column elementor-element elementor-element-b18d10f\" data-id=\"b18d10f\" data-element_type=\"column\" data-e-type=\"column\">\n\t\t\t<div class=\"elementor-widget-wrap elementor-element-populated\">\n\t\t\t\t\t\t<div class=\"elementor-element elementor-element-b57a535 elementor-widget elementor-widget-text-editor\" data-id=\"b57a535\" data-element_type=\"widget\" data-e-type=\"widget\" data-widget_type=\"text-editor.default\">\n\t\t\t\t<div class=\"elementor-widget-container\">\n\t\t\t\t\t\t\t\t\t<h3 class=\"elementor-heading-title elementor-size-default elementor-inline-editing pen\" data-elementor-setting-key=\"title\" data-pen-placeholder=\"Pisz tutaj...\">15-16.01.2026 14:00 &#8211; 19:00<\/h3>\t\t\t\t\t\t\t\t<\/div>\n\t\t\t\t<\/div>\n\t\t\t\t\t<\/div>\n\t\t<\/div>\n\t\t\t\t\t<\/div>\n\t\t<\/section>\n\t\t\t\t<section class=\"elementor-section elementor-inner-section elementor-element elementor-element-785adfe elementor-section-boxed elementor-section-height-default elementor-section-height-default\" data-id=\"785adfe\" data-element_type=\"section\" data-e-type=\"section\">\n\t\t\t\t\t\t<div class=\"elementor-container elementor-column-gap-default\">\n\t\t\t\t\t<div class=\"elementor-column elementor-col-50 elementor-inner-column elementor-element elementor-element-c2f62e5\" data-id=\"c2f62e5\" data-element_type=\"column\" data-e-type=\"column\">\n\t\t\t<div class=\"elementor-widget-wrap\">\n\t\t\t\t\t\t\t<\/div>\n\t\t<\/div>\n\t\t\t\t<div class=\"elementor-column elementor-col-50 elementor-inner-column elementor-element elementor-element-9bb0ba1\" data-id=\"9bb0ba1\" data-element_type=\"column\" data-e-type=\"column\">\n\t\t\t<div class=\"elementor-widget-wrap elementor-element-populated\">\n\t\t\t\t\t\t<div class=\"elementor-element elementor-element-99d1b84 elementor-widget elementor-widget-text-editor\" data-id=\"99d1b84\" data-element_type=\"widget\" data-e-type=\"widget\" data-widget_type=\"text-editor.default\">\n\t\t\t\t<div class=\"elementor-widget-container\">\n\t\t\t\t\t\t\t\t\t<h3 class=\"elementor-heading-title elementor-size-default elementor-inline-editing pen\" data-elementor-setting-key=\"title\" data-pen-placeholder=\"Pisz tutaj...\">sob &#8211; niedz 9:00 &#8211; 19:00<\/h3>\t\t\t\t\t\t\t\t<\/div>\n\t\t\t\t<\/div>\n\t\t\t\t\t<\/div>\n\t\t<\/div>\n\t\t\t\t\t<\/div>\n\t\t<\/section>\n\t\t\t\t\t<\/div>\n\t\t<\/div>\n\t\t\t\t\t<\/div>\n\t\t<\/section>\n\t\t\t\t<section class=\"elementor-section elementor-top-section elementor-element elementor-element-1608675 elementor-section-boxed elementor-section-height-default elementor-section-height-default\" data-id=\"1608675\" data-element_type=\"section\" data-e-type=\"section\">\n\t\t\t\t\t\t<div class=\"elementor-container elementor-column-gap-default\">\n\t\t\t\t\t<div class=\"elementor-column elementor-col-100 elementor-top-column elementor-element elementor-element-a3de0db\" data-id=\"a3de0db\" data-element_type=\"column\" data-e-type=\"column\">\n\t\t\t<div class=\"elementor-widget-wrap elementor-element-populated\">\n\t\t\t\t\t\t<section class=\"elementor-section elementor-inner-section elementor-element elementor-element-e4ce31c elementor-section-boxed elementor-section-height-default elementor-section-height-default\" data-id=\"e4ce31c\" data-element_type=\"section\" data-e-type=\"section\">\n\t\t\t\t\t\t<div class=\"elementor-container elementor-column-gap-default\">\n\t\t\t\t\t<div class=\"elementor-column elementor-col-50 elementor-inner-column elementor-element elementor-element-2ee2d6d\" data-id=\"2ee2d6d\" data-element_type=\"column\" data-e-type=\"column\">\n\t\t\t<div class=\"elementor-widget-wrap elementor-element-populated\">\n\t\t\t\t\t\t<div class=\"elementor-element elementor-element-61540f0 elementor-widget elementor-widget-text-editor\" data-id=\"61540f0\" data-element_type=\"widget\" data-e-type=\"widget\" data-widget_type=\"text-editor.default\">\n\t\t\t\t<div class=\"elementor-widget-container\">\n\t\t\t\t\t\t\t\t\t<h3>FERIE ZIMOWE<\/h3>\t\t\t\t\t\t\t\t<\/div>\n\t\t\t\t<\/div>\n\t\t\t\t\t<\/div>\n\t\t<\/div>\n\t\t\t\t<div class=\"elementor-column elementor-col-50 elementor-inner-column elementor-element elementor-element-b1d2db6\" data-id=\"b1d2db6\" data-element_type=\"column\" data-e-type=\"column\">\n\t\t\t<div class=\"elementor-widget-wrap elementor-element-populated\">\n\t\t\t\t\t\t<div class=\"elementor-element elementor-element-1196890 elementor-widget elementor-widget-text-editor\" data-id=\"1196890\" data-element_type=\"widget\" data-e-type=\"widget\" data-widget_type=\"text-editor.default\">\n\t\t\t\t<div class=\"elementor-widget-container\">\n\t\t\t\t\t\t\t\t\t<h3 data-elementor-setting-key=\"title\" data-pen-placeholder=\"Pisz tutaj...\">pon-pi\u0105\u00a0 9:00 &#8211; 19:00\u00a0<\/h3><h3 data-elementor-setting-key=\"title\" data-pen-placeholder=\"Pisz tutaj...\">sob-niedz\u00a0 9:00 &#8211; 19:00\u00a0<\/h3>\t\t\t\t\t\t\t\t<\/div>\n\t\t\t\t<\/div>\n\t\t\t\t\t<\/div>\n\t\t<\/div>\n\t\t\t\t\t<\/div>\n\t\t<\/section>\n\t\t\t\t\t<\/div>\n\t\t<\/div>\n\t\t\t\t\t<\/div>\n\t\t<\/section>\n\t\t\t\t<section class=\"elementor-section elementor-top-section elementor-element elementor-element-5f8bb97 elementor-section-boxed elementor-section-height-default elementor-section-height-default\" data-id=\"5f8bb97\" data-element_type=\"section\" data-e-type=\"section\">\n\t\t\t\t\t\t<div class=\"elementor-container elementor-column-gap-default\">\n\t\t\t\t\t<div class=\"elementor-column elementor-col-100 elementor-top-column elementor-element elementor-element-6ced285\" data-id=\"6ced285\" data-element_type=\"column\" data-e-type=\"column\">\n\t\t\t<div class=\"elementor-widget-wrap elementor-element-populated\">\n\t\t\t\t\t\t<section class=\"elementor-section elementor-inner-section elementor-element elementor-element-7835ded elementor-section-boxed elementor-section-height-default elementor-section-height-default\" data-id=\"7835ded\" data-element_type=\"section\" data-e-type=\"section\">\n\t\t\t\t\t\t<div class=\"elementor-container elementor-column-gap-default\">\n\t\t\t\t\t<div class=\"elementor-column elementor-col-50 elementor-inner-column elementor-element elementor-element-21d39e4\" data-id=\"21d39e4\" data-element_type=\"column\" data-e-type=\"column\">\n\t\t\t<div class=\"elementor-widget-wrap elementor-element-populated\">\n\t\t\t\t\t\t<div class=\"elementor-element elementor-element-ef0e0ce elementor-widget elementor-widget-text-editor\" data-id=\"ef0e0ce\" data-element_type=\"widget\" data-e-type=\"widget\" data-widget_type=\"text-editor.default\">\n\t\t\t\t<div class=\"elementor-widget-container\">\n\t\t\t\t\t\t\t\t\t<div class=\"md\"><h2>KODEKS NARCIARSKI FIS<\/h2><p><strong>Podstawow\u0105 zasad\u0105 obowi\u0105zuj\u0105c\u0105 wszystkich przebywaj\u0105cych na stoku jest bezpiecze\u0144stwo. Bezpiecze\u0144stwo swoje i innych. Zat\u0142oczona trasa, szybka jazda narciarzy, kolejka do wyci\u0105gu czy zr\u00f3\u017cnicowany poziom umiej\u0119tno\u015bci szusuj\u0105cych narciarzy, to mi\u0119dzy innymi czynniki sprzyjaj\u0105ce wypadkom. Nale\u017cy, tak\u017ce pami\u0119ta\u0107 o w\u0142a\u015bciwym przygotowaniu si\u0119 przed za\u0142o\u017ceniem nart czy deski. Dobrze przygotowany i zabezpieczony sprz\u0119t, kondycja fizyczna, kosmetyki ochronne i zdrowy rozs\u0105dek to atrybuty, kt\u00f3re powinny wyr\u00f3\u017cnia\u0107 ka\u017cdego amatora bia\u0142ego szale\u0144stwa!<br \/><\/strong><\/p><p><strong>Wzgl\u0105d na inne osoby<\/strong><br \/>Ka\u017cdy narciarz powinien zachowywa\u0107 si\u0119 w taki spos\u00f3b, aby nie stwarza\u0107 niebezpiecze\u0144stwa ani szkody dla innej osoby.<\/p><p><strong>Panowanie nad szybko\u015bci\u0105 i sposobem jazdy<\/strong><br \/>Narciarz powinien zje\u017cd\u017ca\u0107 z szybko\u015bci\u0105 dostosowan\u0105 do swoich umiej\u0119tno\u015bci oraz rodzaju i stanu trasy, i warunk\u00f3w atmosferycznych.<\/p><p><strong>Wyb\u00f3r kierunku jazdy<\/strong><br \/>Narciarz zje\u017cd\u017caj\u0105c z g\u00f3ry (znajduj\u0105cy si\u0119 wy\u017cej), dysponuje wi\u0119ksz\u0105 mo\u017cliwo\u015bci\u0105 wyboru trasy zjazdu, musi wi\u0119c ustali\u0107 taki tor jazdy, aby nie zagra\u017ca\u0107 narciarzowi przed nim jad\u0105cemu.<\/p><p><strong>Wyprzedzanie<\/strong><br \/>Wyprzedza\u0107 mo\u017cna zar\u00f3wno po stronie dostokowej jak i odstokowej, po stronie lewej lub prawej, lecz w takiej odleg\u0142o\u015bci, kt\u00f3ra nie ograniczy wyprzedzanemu swobody.<\/p><\/div><div id=\"componentsAdsContent1519952186\" class=\"componentsAdsContent\">\u00a0<\/div><div class=\"md\"><p><strong>Przejazd przez skrzy\u017cowania tras narciarskich<\/strong><br \/>Narciarz zaczynaj\u0105c zjazd na trasie lub p\u00f3lku narciarskim oraz doje\u017cd\u017caj\u0105c do skrzy\u017cowania tras powinien sprawdzi\u0107 patrz\u0105c w g\u00f3r\u0119 i w d\u00f3\u0142, czy nie spowoduje niebezpiecze\u0144stwa w\u0142\u0105czaj\u0105c si\u0119 do ruchu. Identyczne post\u0119powanie obowi\u0105zuje po ka\u017cdym zatrzymaniu si\u0119 na trasie zjazdu.<\/p><p><strong>Zatrzymanie si\u0119<\/strong><br \/>Nale\u017cy unika\u0107 zatrzymywania si\u0119 na trasie zjazdu, zw\u0142aszcza w miejscach zw\u0119\u017ce\u0144 i o ograniczonej widoczno\u015bci. Je\u017celi konieczne jest zatrzymanie nale\u017cy je planowa\u0107 w miejscu szerokim, z boku trasy. Po ewentualnym upadku narciarz powinien usun\u0105\u0107 si\u0119 z toru jazdy mo\u017cliwie jak najszybciej.<\/p><p><strong>Podej\u015bcie<\/strong><br \/>Narciarz powinien podchodzi\u0107 tylko poboczem trasy, a w przypadku z\u0142ej widoczno\u015bci powinien zej\u015b\u0107 zupe\u0142nie z trasy. Takie samo zachowanie obowi\u0105zuje narciarzy schodz\u0105cych pieszo w d\u00f3\u0142.<\/p><p><strong>Przestrzeganie znak\u00f3w narciarskich<\/strong><br \/>Ka\u017cdy narciarz powinien stosowa\u0107 si\u0119 do znak\u00f3w narciarskich i \u015bwiate\u0142 ustawionych na trasach.<\/p><\/div><div id=\"componentsAdsContent1919420551\" class=\"componentsAdsContent\">\u00a0<\/div><div class=\"md\"><p><strong>Wypadki<\/strong><br \/>W razie wypadku ka\u017cdy, kto znajdzie si\u0119 w pobli\u017cu winien poszkodowanemu s\u0142u\u017cy\u0107 pomoc\u0105.<\/p><p><strong>Stwierdzenie to\u017csamo\u015bci<\/strong><br \/>Ka\u017cdy, oboj\u0119tnie czy sprawca wypadku, poszkodowany, czy \u015bwiadek, musz\u0105 w razie wypadku poda\u0107 swoje dane osobowe.<br \/>Cho\u0107 narciarstwo czy snowboard to ju\u017c sporty masowe, a stoki oblegane s\u0105 zar\u00f3wno przez nowicjuszy, jak i profesjonalist\u00f3w, na ka\u017cdej trasie obowi\u0105zuj\u0105 podstawowe zasady stworzone przez Mi\u0119dzynarodow\u0105 Federacj\u0119 Narciarsk\u0105 (FIS).<\/p><\/div><div class=\"md\">\u00a0<\/div>\t\t\t\t\t\t\t\t<\/div>\n\t\t\t\t<\/div>\n\t\t\t\t\t<\/div>\n\t\t<\/div>\n\t\t\t\t<div class=\"elementor-column elementor-col-50 elementor-inner-column elementor-element elementor-element-97aa3b9\" data-id=\"97aa3b9\" data-element_type=\"column\" data-e-type=\"column\">\n\t\t\t<div class=\"elementor-widget-wrap elementor-element-populated\">\n\t\t\t\t\t\t<div class=\"elementor-element elementor-element-f93d2c8 elementor-widget elementor-widget-image\" data-id=\"f93d2c8\" data-element_type=\"widget\" data-e-type=\"widget\" data-widget_type=\"image.default\">\n\t\t\t\t<div class=\"elementor-widget-container\">\n\t\t\t\t\t\t\t\t\t\t\t\t\t\t\t<img decoding=\"async\" src=\"https:\/\/wyciag-sekowa.pl\/wp-content\/uploads\/2022\/01\/Bez-tytulu-200-x-800-px.jpg\" title=\"Bez tytu\u0142u (200 x 800 px)\" alt=\"Bez tytu\u0142u (200 x 800 px)\" loading=\"lazy\" \/>\t\t\t\t\t\t\t\t\t\t\t\t\t\t\t<\/div>\n\t\t\t\t<\/div>\n\t\t\t\t\t<\/div>\n\t\t<\/div>\n\t\t\t\t\t<\/div>\n\t\t<\/section>\n\t\t\t\t\t<\/div>\n\t\t<\/div>\n\t\t\t\t\t<\/div>\n\t\t<\/section>\n\t\t\t\t<\/div>\n\t\t","protected":false},"excerpt":{"rendered":"<p>GODZINY PRACY STACJI NARCIARSKIEJ I WYPO\u017bYCZALNI SPRZ\u0118TU STACJA NARCIARSKA I WYPO\u017bYCZALNIA SPRZ\u0118TU 15-16.01.2026 14:00 &#8211; 19:00 sob &#8211; niedz 9:00 &#8211; 19:00 FERIE ZIMOWE pon-pi\u0105\u00a0 9:00 &#8211; 19:00\u00a0 sob-niedz\u00a0 9:00 &#8211; 19:00\u00a0 KODEKS NARCIARSKI FIS Podstawow\u0105 zasad\u0105 obowi\u0105zuj\u0105c\u0105 wszystkich przebywaj\u0105cych na stoku jest bezpiecze\u0144stwo. Bezpiecze\u0144stwo swoje i innych. Zat\u0142oczona trasa, szybka jazda narciarzy, kolejka do &hellip; <\/p>\n<p class=\"link-more\"><a href=\"https:\/\/wyciag-sekowa.pl\/index.php\/aktualnosci\/\" class=\"more-link\">Read more<span class=\"screen-reader-text\"> &#8222;AKTUALNO\u015aCI&#8221;<\/span><\/a><\/p>\n","protected":false},"author":1,"featured_media":0,"parent":0,"menu_order":0,"comment_status":"closed","ping_status":"closed","template":"","meta":{"om_disable_all_campaigns":false,"_monsterinsights_skip_tracking":false,"_monsterinsights_sitenote_active":false,"_monsterinsights_sitenote_note":"","_monsterinsights_sitenote_category":0,"inspiro_hide_title":false,"footnotes":""},"class_list":["post-197","page","type-page","status-publish","hentry"],"aioseo_notices":[],"_links":{"self":[{"href":"https:\/\/wyciag-sekowa.pl\/index.php\/wp-json\/wp\/v2\/pages\/197","targetHints":{"allow":["GET"]}}],"collection":[{"href":"https:\/\/wyciag-sekowa.pl\/index.php\/wp-json\/wp\/v2\/pages"}],"about":[{"href":"https:\/\/wyciag-sekowa.pl\/index.php\/wp-json\/wp\/v2\/types\/page"}],"author":[{"embeddable":true,"href":"https:\/\/wyciag-sekowa.pl\/index.php\/wp-json\/wp\/v2\/users\/1"}],"replies":[{"embeddable":true,"href":"https:\/\/wyciag-sekowa.pl\/index.php\/wp-json\/wp\/v2\/comments?post=197"}],"version-history":[{"count":78,"href":"https:\/\/wyciag-sekowa.pl\/index.php\/wp-json\/wp\/v2\/pages\/197\/revisions"}],"predecessor-version":[{"id":388,"href":"https:\/\/wyciag-sekowa.pl\/index.php\/wp-json\/wp\/v2\/pages\/197\/revisions\/388"}],"wp:attachment":[{"href":"https:\/\/wyciag-sekowa.pl\/index.php\/wp-json\/wp\/v2\/media?parent=197"}],"curies":[{"name":"wp","href":"https:\/\/api.w.org\/{rel}","templated":true}]}}